{"id":68,"date":"2016-03-11T12:32:27","date_gmt":"2016-03-11T11:32:27","guid":{"rendered":"http:\/\/www.aufkleber-druck-profi.de\/?page_id=68"},"modified":"2016-09-05T08:45:59","modified_gmt":"2016-09-05T06:45:59","slug":"aluminium","status":"publish","type":"page","link":"http:\/\/www.bauschild-profi.de\/?page_id=68","title":{"rendered":"Aluminium"},"content":{"rendered":"<div class=\"page\" title=\"Page 3\">\n<div class=\"layoutArea\">\n<div class=\"column\">\n<p>Eine stabile und zugleich hochwertige Konstruktion l\u00e4sst sich aus Aluminium herstellen. Die Vorteile sind zweifelsfrei eine unbegrenzt lange Haltbarkeit, was gerade f\u00fcr die Aufstellung im Au\u00dfenbereich wichtig ist,<br \/>\nsowie eine flache und raumsparende Unterkonstruktion. Aluminium kann ebenfalls auf den Millimeter genau zuges\u00e4gt werden und gl\u00e4nzt durch geringes Gewicht in Verbindung mit hoher Verwindungssteifigkeit.<br \/>\nDurch die raumsparende Konstruktion wirkt sie dar\u00fcber hinaus bedeutend hochwertiger, als eine aus Holz.<br \/>\nAuch das Aluminium kann eine farbige Endlackierung erhalten, die das hochwertige Erscheinungsbild noch erh\u00f6ht.<\/p>\n<p>Alle Aluminium-Unterkonstruktionen eignen sich grunds\u00e4tzlich f\u00fcr alle Schildgr\u00f6\u00dfen und Varianten.<\/p>\n<\/div>\n<\/div>\n<\/div>\n","protected":false},"excerpt":{"rendered":"<p>Eine stabile und zugleich hochwertige Konstruktion l\u00e4sst sich aus Aluminium herstellen. Die Vorteile sind zweifelsfrei eine unbegrenzt lange Haltbarkeit, was<\/p>\n","protected":false},"author":1,"featured_media":0,"parent":0,"menu_order":0,"comment_status":"closed","ping_status":"closed","template":"","meta":{"footnotes":""},"class_list":["post-68","page","type-page","status-publish","hentry"],"_links":{"self":[{"href":"http:\/\/www.bauschild-profi.de\/index.php?rest_route=\/wp\/v2\/pages\/68","targetHints":{"allow":["GET"]}}],"collection":[{"href":"http:\/\/www.bauschild-profi.de\/index.php?rest_route=\/wp\/v2\/pages"}],"about":[{"href":"http:\/\/www.bauschild-profi.de\/index.php?rest_route=\/wp\/v2\/types\/page"}],"author":[{"embeddable":true,"href":"http:\/\/www.bauschild-profi.de\/index.php?rest_route=\/wp\/v2\/users\/1"}],"replies":[{"embeddable":true,"href":"http:\/\/www.bauschild-profi.de\/index.php?rest_route=%2Fwp%2Fv2%2Fcomments&post=68"}],"version-history":[{"count":6,"href":"http:\/\/www.bauschild-profi.de\/index.php?rest_route=\/wp\/v2\/pages\/68\/revisions"}],"predecessor-version":[{"id":351,"href":"http:\/\/www.bauschild-profi.de\/index.php?rest_route=\/wp\/v2\/pages\/68\/revisions\/351"}],"wp:attachment":[{"href":"http:\/\/www.bauschild-profi.de\/index.php?rest_route=%2Fwp%2Fv2%2Fmedia&parent=68"}],"curies":[{"name":"wp","href":"https:\/\/api.w.org\/{rel}","templated":true}]}}