{"id":66,"date":"2016-03-11T12:32:10","date_gmt":"2016-03-11T11:32:10","guid":{"rendered":"http:\/\/www.aufkleber-druck-profi.de\/?page_id=66"},"modified":"2016-09-05T09:00:18","modified_gmt":"2016-09-05T07:00:18","slug":"traegermaterialien","status":"publish","type":"page","link":"http:\/\/www.bauschild-profi.de\/?page_id=66","title":{"rendered":"Tr\u00e4germaterialien"},"content":{"rendered":"<div class=\"page\" title=\"Page 1\">\n<div class=\"layoutArea\">\n<div class=\"column\">\n<p>W\u00e4hlen Sie f\u00fcr Ihr Bauschild je nach gew\u00fcnschter Gr\u00f6\u00dfe, Stabilit\u00e4t und Haltbarkeit zwischen unterschiedlichen Plattenst\u00e4rken und Druckverfahren: F\u00fcr einen mehrmonatigen Einsatz, auch bei Wind und Wetter,<br \/>\nsind Sie bereits mit einem g\u00fcnstigen Bauschildern aus Hartschaumplatten im Direktdruck gut beraten. Hartschaumplatten empfehlen wir aufgrund des sehr geringen Gewichts auch dann,<br \/>\nwenn Sie ein besonders leichtes, aber dennoch sehr stabiles Baustellenschild ben\u00f6tigen.<\/p>\n<p>Hartschaum-Leichtgewicht-Platten (Forex) werden gern f\u00fcr Kurzfrist-Bauschilder eingesetzt, da die Platten so leicht zu transportieren, leicht zu befestigen und noch dazu auch noch kosteng\u00fcnstig sind.<br \/>\nDie Material- und Farbstabilit\u00e4t von Forex-Bauschildern ist mit etwa zwei bis drei Jahren im Au\u00dfenbereich f\u00fcr viele Bauprojekte optimal in Leistung und Preis.<\/p>\n<p>Wenn Sie jedoch absehen k\u00f6nnen, dass Ihr Bauschild wirklich starken Witterungsverh\u00e4ltnissen ausgesetzt ist, raten wir bei Bauphasen ab 12 Monaten oder l\u00e4nger zu Alu-Dibond. Grund: Die Materialausdehnung ist einfach eine andere. Die Hartschaum-Bauschilder k\u00f6nnen sich zum Beispiel bei wiederkehrend sehr starker Sonneneinstrahlung durch die Hitzeeinwirkung st\u00e4rker verformen als die extrem materialstabilen<br \/>\nAlu- Verbundplatten-Bauschilder. Das macht sich in einigen Wochen nicht bemerkbar, aber bei monatelanger Wettereinwirkung irgendwann doch.<\/p>\n<p>&nbsp;<\/p>\n<p><strong>Formen<\/strong><\/p>\n<p>Mit einer CNC-Konturfr\u00e4se k\u00f6nnen Bauschild individuell zurechtgeschnitten werden. Ob abgerundete Ecken,<br \/>\nKreis- oder Sternformen, Sprechblasen, Ihre Logo-Kontur oder ein riesiger Schattenschnitt des Bauarbeiter-Teams: alles ist m\u00f6glich!<\/p>\n<p>&nbsp;<\/p>\n<p><strong>Haltbarkeit<\/strong><\/p>\n<p>Je nach Material k\u00f6nnen Bauschilder auch bei Wind und Wetter im Au\u00dfenbereich etwa 2-3 Jahre (UV-Direktdruck) oder sogar bis zu 7 Jahre (Foliendruck mit UV-Schutzlaminat) eingesetzt werden. Falls Sie mehrere Bauprojekte in einem solchen Zeitraum planen, empfiehlt sich viel- leicht ein Universal-Bauschild, bei dem Sie zwischendurch die Bedruckung wechseln k\u00f6nnen.<\/p>\n<\/div>\n<\/div>\n<\/div>\n<div class=\"page\" title=\"Page 2\">\n<div class=\"layoutArea\">\n<div class=\"column\">\n<p>&nbsp;<\/p>\n<p><strong>Gr\u00f6\u00dfe<\/strong><\/p>\n<p>Bei der Gr\u00f6\u00dfe sollten Sie sich an der kleinsten im Zeitraum zur Verf\u00fcgung stehenden Fl\u00e4che orientieren, damit Ihr Bauschild auch wirklich problemlos mitziehen kann. Auch bei der Konfektionierung sollten Sie sich nach dem kompliziertesten Bauort richten, zum Beispiel bei der Positionierung der Aufh\u00e4nge-Vorbohrungen.<br \/>\nTipp: Wenn sich jedoch Ihre Bauprojekte \u00fcberlappen,<br \/>\nlassen Sie einfach f\u00fcr jede Baustelle ein eigenes Bauschild drucken.<br \/>\nDie g\u00fcnstigen Herstellungspreise moderner Produktionsanlagen lassen das zu.<\/p>\n<\/div>\n<\/div>\n<\/div>\n","protected":false},"excerpt":{"rendered":"<p>W\u00e4hlen Sie f\u00fcr Ihr Bauschild je nach gew\u00fcnschter Gr\u00f6\u00dfe, Stabilit\u00e4t und Haltbarkeit zwischen unterschiedlichen Plattenst\u00e4rken und Druckverfahren: F\u00fcr einen mehrmonatigen<\/p>\n","protected":false},"author":1,"featured_media":0,"parent":0,"menu_order":0,"comment_status":"closed","ping_status":"closed","template":"","meta":{"footnotes":""},"class_list":["post-66","page","type-page","status-publish","hentry"],"_links":{"self":[{"href":"http:\/\/www.bauschild-profi.de\/index.php?rest_route=\/wp\/v2\/pages\/66","targetHints":{"allow":["GET"]}}],"collection":[{"href":"http:\/\/www.bauschild-profi.de\/index.php?rest_route=\/wp\/v2\/pages"}],"about":[{"href":"http:\/\/www.bauschild-profi.de\/index.php?rest_route=\/wp\/v2\/types\/page"}],"author":[{"embeddable":true,"href":"http:\/\/www.bauschild-profi.de\/index.php?rest_route=\/wp\/v2\/users\/1"}],"replies":[{"embeddable":true,"href":"http:\/\/www.bauschild-profi.de\/index.php?rest_route=%2Fwp%2Fv2%2Fcomments&post=66"}],"version-history":[{"count":13,"href":"http:\/\/www.bauschild-profi.de\/index.php?rest_route=\/wp\/v2\/pages\/66\/revisions"}],"predecessor-version":[{"id":395,"href":"http:\/\/www.bauschild-profi.de\/index.php?rest_route=\/wp\/v2\/pages\/66\/revisions\/395"}],"wp:attachment":[{"href":"http:\/\/www.bauschild-profi.de\/index.php?rest_route=%2Fwp%2Fv2%2Fmedia&parent=66"}],"curies":[{"name":"wp","href":"https:\/\/api.w.org\/{rel}","templated":true}]}}