{"id":338,"date":"2016-08-16T16:05:16","date_gmt":"2016-08-16T14:05:16","guid":{"rendered":"http:\/\/www.bauschild-profi.de\/?page_id=338"},"modified":"2016-09-05T08:55:56","modified_gmt":"2016-09-05T06:55:56","slug":"montagehaftung","status":"publish","type":"page","link":"http:\/\/www.bauschild-profi.de\/?page_id=338","title":{"rendered":"Montagehaftung"},"content":{"rendered":"<div class=\"page\" title=\"Page 5\">\n<div class=\"layoutArea\">\n<div class=\"column\">\n<p>Die Haftungsfrage bei der Aufstellung von Schildern ist recht einfach zu beantworten.<br \/>\nGrunds\u00e4tzlich hat derjenige f\u00fcr eine Leistung zu haf- ten, der sie erbracht hat.<\/p>\n<p>Schwierig wird es nur dann, wenn unterschiedliche Firmen an der Planung, Herstellung und Montage beteiligt waren. F\u00e4llt in solch einem Fall ein Schild bei einem Windsto\u00df um und besch\u00e4digt beispielsweise ein geparktes Fahrzeug, dann muss erst einmal die Haftungsfrage ge- kl\u00e4rt werden. Ist das Schild aufgrund einer falschen Statik oder mangelhaften Fundaments umgefallen? Oder hat es an der Konstruktion des Schildes gelegen?<br \/>\nNicht selten muss vor Gericht durch einen Gutachter gekl\u00e4rt werden, wem eine schuldhafte Ausf\u00fchrung der Arbeiten zur Last gelegt werden kann. Tipp: Lassen Sie alle Arbeiten aus einer Hand fertigen.<br \/>\nW\u00e4hlen Sie 1 Generalunternehmer aus, der f\u00fcr Herstellung der Werbeanlage, Statik, Bauantr\u00e4ge, Fundament und die Montage verantwortlich ist. Einerseits kann dann f\u00fcr die schnelle und passgenaue Umsetzung gerantiert werden und anderseits ist auch eine eventuelle Haftungsfrage schnell gekl\u00e4rt.<\/p>\n<p>Nur in Ausnahmef\u00e4llen k\u00f6nnen wir die Herstellung eines Fundaments und die Montage durch den Auftraggeber empfehlen. Wenn Sie nicht zuf\u00e4llig \u201evom Fach\u201c sind, passieren schnell kleine Fehler, die eine gro\u00dfe Wirkung haben. Im schlimmsten Fall kommt es zu Sach- oder Perso- nensch\u00e4den. Und ob Sie in solch einem Fall durch eine Versicherung abgesichert sind, ist mehr als fraglich. Unser Rat ist daher, die komplette Ausf\u00fchrung aller Arbeiten an einen Generalunternehmer zu vergeben.<\/p>\n<\/div>\n<\/div>\n<\/div>\n","protected":false},"excerpt":{"rendered":"<p>Die Haftungsfrage bei der Aufstellung von Schildern ist recht einfach zu beantworten. Grunds\u00e4tzlich hat derjenige f\u00fcr eine Leistung zu haf-<\/p>\n","protected":false},"author":1,"featured_media":0,"parent":0,"menu_order":0,"comment_status":"closed","ping_status":"closed","template":"","meta":{"footnotes":""},"class_list":["post-338","page","type-page","status-publish","hentry"],"_links":{"self":[{"href":"http:\/\/www.bauschild-profi.de\/index.php?rest_route=\/wp\/v2\/pages\/338","targetHints":{"allow":["GET"]}}],"collection":[{"href":"http:\/\/www.bauschild-profi.de\/index.php?rest_route=\/wp\/v2\/pages"}],"about":[{"href":"http:\/\/www.bauschild-profi.de\/index.php?rest_route=\/wp\/v2\/types\/page"}],"author":[{"embeddable":true,"href":"http:\/\/www.bauschild-profi.de\/index.php?rest_route=\/wp\/v2\/users\/1"}],"replies":[{"embeddable":true,"href":"http:\/\/www.bauschild-profi.de\/index.php?rest_route=%2Fwp%2Fv2%2Fcomments&post=338"}],"version-history":[{"count":4,"href":"http:\/\/www.bauschild-profi.de\/index.php?rest_route=\/wp\/v2\/pages\/338\/revisions"}],"predecessor-version":[{"id":378,"href":"http:\/\/www.bauschild-profi.de\/index.php?rest_route=\/wp\/v2\/pages\/338\/revisions\/378"}],"wp:attachment":[{"href":"http:\/\/www.bauschild-profi.de\/index.php?rest_route=%2Fwp%2Fv2%2Fmedia&parent=338"}],"curies":[{"name":"wp","href":"https:\/\/api.w.org\/{rel}","templated":true}]}}