{"id":336,"date":"2016-08-16T16:05:03","date_gmt":"2016-08-16T14:05:03","guid":{"rendered":"http:\/\/www.bauschild-profi.de\/?page_id=336"},"modified":"2016-09-05T08:58:18","modified_gmt":"2016-09-05T06:58:18","slug":"statik","status":"publish","type":"page","link":"http:\/\/www.bauschild-profi.de\/?page_id=336","title":{"rendered":"Statik"},"content":{"rendered":"<div class=\"page\" title=\"Page 5\">\n<div class=\"layoutArea\">\n<div class=\"column\">\n<p>F\u00fcr eine sichere Berechnung zur Aufstellung von Werbeanlagen ist der Statiker zust\u00e4ndig. Der Statiker berechnet nicht nur die Stabilit\u00e4t, Aus- f\u00fchrung und Gr\u00f6\u00dfe einer Werbeanlage, sondern auch das dazugeh\u00f6rende Fundament. Nachdem er alle Daten hinsichtlich zu Gr\u00f6\u00dfe und Ge- wicht der Werbeanlage sowie zur Beschaffenheit des Baugrunds hat, kann er die notwendigen Berechnungen ausf\u00fchren.<br \/>\nDer Statiker bzw. Architekt reicht nach Abschluss seiner Arbeiten auch den Bauantrag ein.<br \/>\nIn einigen Gemeinden ist f\u00fcr Schilder ab einer Gr\u00f6\u00dfe von 1 qm ein Baugenehmigung erforderlich;<br \/>\nmancherorts sogar schon bei kleineren Schildgr\u00f6\u00dfen.<\/p>\n<p>Hinweis: Achten Sie darauf, alle Leistungen von der Planung bis zur Montage aus einer Hand zu erhalten!<br \/>\nSo k\u00f6nnen Sie sicher sein, dass die komplette Werbeanlage auf den Millimeter genau passt und reibungslos aufgestellt werden kann. So kann es nicht mehr vorkommen, dass eine Stahlkonstruktion pl\u00f6tzlich nicht auf das Fundament passt und Sie zwischen verschiedenen Auftragnehmern vermitteln m\u00fcssen.<br \/>\nImmer mehr Hersteller von Werbeanlagen bieten diesen Komplett-Service an.<\/p>\n<\/div>\n<\/div>\n<\/div>\n","protected":false},"excerpt":{"rendered":"<p>F\u00fcr eine sichere Berechnung zur Aufstellung von Werbeanlagen ist der Statiker zust\u00e4ndig. Der Statiker berechnet nicht nur die Stabilit\u00e4t, Aus-<\/p>\n","protected":false},"author":1,"featured_media":0,"parent":0,"menu_order":0,"comment_status":"closed","ping_status":"closed","template":"","meta":{"footnotes":""},"class_list":["post-336","page","type-page","status-publish","hentry"],"_links":{"self":[{"href":"http:\/\/www.bauschild-profi.de\/index.php?rest_route=\/wp\/v2\/pages\/336","targetHints":{"allow":["GET"]}}],"collection":[{"href":"http:\/\/www.bauschild-profi.de\/index.php?rest_route=\/wp\/v2\/pages"}],"about":[{"href":"http:\/\/www.bauschild-profi.de\/index.php?rest_route=\/wp\/v2\/types\/page"}],"author":[{"embeddable":true,"href":"http:\/\/www.bauschild-profi.de\/index.php?rest_route=\/wp\/v2\/users\/1"}],"replies":[{"embeddable":true,"href":"http:\/\/www.bauschild-profi.de\/index.php?rest_route=%2Fwp%2Fv2%2Fcomments&post=336"}],"version-history":[{"count":6,"href":"http:\/\/www.bauschild-profi.de\/index.php?rest_route=\/wp\/v2\/pages\/336\/revisions"}],"predecessor-version":[{"id":386,"href":"http:\/\/www.bauschild-profi.de\/index.php?rest_route=\/wp\/v2\/pages\/336\/revisions\/386"}],"wp:attachment":[{"href":"http:\/\/www.bauschild-profi.de\/index.php?rest_route=%2Fwp%2Fv2%2Fmedia&parent=336"}],"curies":[{"name":"wp","href":"https:\/\/api.w.org\/{rel}","templated":true}]}}