{"id":334,"date":"2016-08-16T16:04:52","date_gmt":"2016-08-16T14:04:52","guid":{"rendered":"http:\/\/www.bauschild-profi.de\/?page_id=334"},"modified":"2016-08-16T16:04:52","modified_gmt":"2016-08-16T14:04:52","slug":"rueckenstuetze","status":"publish","type":"page","link":"http:\/\/www.bauschild-profi.de\/?page_id=334","title":{"rendered":"R\u00fcckenst\u00fctze"},"content":{"rendered":"<div class=\"page\" title=\"Page 5\">\n<div class=\"layoutArea\">\n<div class=\"column\">\n<p>Ab einer bestimmten Schildgr\u00f6\u00dfe kommen R\u00fcckenst\u00fctzen zum Einsatz. Nur dadurch ist gew\u00e4hrleistet, dass diese Werbeanlagen selbst star- ken Winden widerstehen. Von der Seite betrachtet sehen diese Konstruktionen wie der Buchstabe A aus. Durch den Ausleger nach hinten werden die Windkr\u00e4fte aufgefangen und der Werbeanlage wird Stabilit\u00e4t verliehen.<\/p>\n<\/div>\n<\/div>\n<\/div>\n","protected":false},"excerpt":{"rendered":"<p>Ab einer bestimmten Schildgr\u00f6\u00dfe kommen R\u00fcckenst\u00fctzen zum Einsatz. Nur dadurch ist gew\u00e4hrleistet, dass diese Werbeanlagen selbst star- ken Winden widerstehen.<\/p>\n","protected":false},"author":1,"featured_media":0,"parent":0,"menu_order":0,"comment_status":"closed","ping_status":"closed","template":"","meta":{"footnotes":""},"class_list":["post-334","page","type-page","status-publish","hentry"],"_links":{"self":[{"href":"http:\/\/www.bauschild-profi.de\/index.php?rest_route=\/wp\/v2\/pages\/334","targetHints":{"allow":["GET"]}}],"collection":[{"href":"http:\/\/www.bauschild-profi.de\/index.php?rest_route=\/wp\/v2\/pages"}],"about":[{"href":"http:\/\/www.bauschild-profi.de\/index.php?rest_route=\/wp\/v2\/types\/page"}],"author":[{"embeddable":true,"href":"http:\/\/www.bauschild-profi.de\/index.php?rest_route=\/wp\/v2\/users\/1"}],"replies":[{"embeddable":true,"href":"http:\/\/www.bauschild-profi.de\/index.php?rest_route=%2Fwp%2Fv2%2Fcomments&post=334"}],"version-history":[{"count":1,"href":"http:\/\/www.bauschild-profi.de\/index.php?rest_route=\/wp\/v2\/pages\/334\/revisions"}],"predecessor-version":[{"id":335,"href":"http:\/\/www.bauschild-profi.de\/index.php?rest_route=\/wp\/v2\/pages\/334\/revisions\/335"}],"wp:attachment":[{"href":"http:\/\/www.bauschild-profi.de\/index.php?rest_route=%2Fwp%2Fv2%2Fmedia&parent=334"}],"curies":[{"name":"wp","href":"https:\/\/api.w.org\/{rel}","templated":true}]}}