{"id":225,"date":"2016-04-05T10:17:41","date_gmt":"2016-04-05T08:17:41","guid":{"rendered":"http:\/\/www.aufkleber-druck-profi.de\/?page_id=225"},"modified":"2016-09-05T08:50:58","modified_gmt":"2016-09-05T06:50:58","slug":"fundamente","status":"publish","type":"page","link":"http:\/\/www.bauschild-profi.de\/?page_id=225","title":{"rendered":"Fundamente"},"content":{"rendered":"<div class=\"page\" title=\"Page 3\">\n<div class=\"layoutArea\">\n<div class=\"column\">\n<p>Damit Stahlkonstruktionen \u00e4u\u00dferen Kr\u00e4ften wie Windlasten standhalten k\u00f6nnen, ist ein Fundament erforderlich. In diesem Fundament wird die Konstruktion fest verankert. Die Gr\u00f6\u00dfe und Beschaffenheit des Fundaments berechnet ein Statiker bzw. Architekt und holt auch die erfor- derlichen Baugenehmigungen ein.<\/p>\n<p>Tipp: Achten Sie darauf, alle Leistungen von der Planung bis zur Montage aus einer Hand zu erhalten!<br \/>\nSo k\u00f6nnen Sie sicher sein, dass die komplette Werbeanlage auf den Millimeter genau passt und reibungslos aufgestellt werden kann. So kann es nicht mehr vorkommen, dass eine Stahlkonstruktion pl\u00f6tzlich nicht auf das Fundament passt und Sie zwischen verschiedenen Auftragnehmern vermitteln m\u00fcssen. Immer mehr Hersteller von Werbeanlagen bieten diesen Komplett-Service an.<\/p>\n<\/div>\n<\/div>\n<\/div>\n","protected":false},"excerpt":{"rendered":"<p>Damit Stahlkonstruktionen \u00e4u\u00dferen Kr\u00e4ften wie Windlasten standhalten k\u00f6nnen, ist ein Fundament erforderlich. In diesem Fundament wird die Konstruktion fest verankert.<\/p>\n","protected":false},"author":1,"featured_media":0,"parent":0,"menu_order":0,"comment_status":"closed","ping_status":"closed","template":"","meta":{"footnotes":""},"class_list":["post-225","page","type-page","status-publish","hentry"],"_links":{"self":[{"href":"http:\/\/www.bauschild-profi.de\/index.php?rest_route=\/wp\/v2\/pages\/225","targetHints":{"allow":["GET"]}}],"collection":[{"href":"http:\/\/www.bauschild-profi.de\/index.php?rest_route=\/wp\/v2\/pages"}],"about":[{"href":"http:\/\/www.bauschild-profi.de\/index.php?rest_route=\/wp\/v2\/types\/page"}],"author":[{"embeddable":true,"href":"http:\/\/www.bauschild-profi.de\/index.php?rest_route=\/wp\/v2\/users\/1"}],"replies":[{"embeddable":true,"href":"http:\/\/www.bauschild-profi.de\/index.php?rest_route=%2Fwp%2Fv2%2Fcomments&post=225"}],"version-history":[{"count":4,"href":"http:\/\/www.bauschild-profi.de\/index.php?rest_route=\/wp\/v2\/pages\/225\/revisions"}],"predecessor-version":[{"id":366,"href":"http:\/\/www.bauschild-profi.de\/index.php?rest_route=\/wp\/v2\/pages\/225\/revisions\/366"}],"wp:attachment":[{"href":"http:\/\/www.bauschild-profi.de\/index.php?rest_route=%2Fwp%2Fv2%2Fmedia&parent=225"}],"curies":[{"name":"wp","href":"https:\/\/api.w.org\/{rel}","templated":true}]}}