{"id":177,"date":"2016-03-16T16:19:17","date_gmt":"2016-03-16T15:19:17","guid":{"rendered":"http:\/\/www.aufkleber-druck-profi.de\/?page_id=177"},"modified":"2017-09-04T08:06:51","modified_gmt":"2017-09-04T06:06:51","slug":"montagearten","status":"publish","type":"page","link":"http:\/\/www.bauschild-profi.de\/?page_id=177","title":{"rendered":"Montagearten"},"content":{"rendered":"<div class=\"page\" title=\"Page 4\">Die Gewerkeschilder lassen sich mittels einer Aufstellvorrichtung freistehend aufstellen oder sie werden fest im Baugrund, zum Beispiel in<br \/>\neinem Fundament, verankert. Dieses Fundament muss keineswegs gro\u00df sein. H\u00e4ufig ist an den Fu\u0308\u00dfen der Aufsteller eine Fundamentgr\u00f6\u00dfe<br \/>\nvon 25 x 25 cm sowie 20 cm in der Tiefe ausreichend.<br \/>\nBei kleineren Schildern k\u00f6nnen auch Betonplatten (z. B. Gehwegplatten aus dem Baumarkt) zum Beschweren verwendet werden. Sind die<br \/>\nSchilder gr\u00f6\u00dfer, werden von vorherein schwere Betonplatten verwendet oder es wird gleich ein ausreichend gro\u00dfes Fundament gegossen.<\/div>\n","protected":false},"excerpt":{"rendered":"<p>Die Gewerkeschilder lassen sich mittels einer Aufstellvorrichtung freistehend aufstellen oder sie werden fest im Baugrund, zum Beispiel in einem Fundament,<\/p>\n","protected":false},"author":1,"featured_media":0,"parent":0,"menu_order":0,"comment_status":"closed","ping_status":"closed","template":"","meta":{"footnotes":""},"class_list":["post-177","page","type-page","status-publish","hentry"],"_links":{"self":[{"href":"http:\/\/www.bauschild-profi.de\/index.php?rest_route=\/wp\/v2\/pages\/177","targetHints":{"allow":["GET"]}}],"collection":[{"href":"http:\/\/www.bauschild-profi.de\/index.php?rest_route=\/wp\/v2\/pages"}],"about":[{"href":"http:\/\/www.bauschild-profi.de\/index.php?rest_route=\/wp\/v2\/types\/page"}],"author":[{"embeddable":true,"href":"http:\/\/www.bauschild-profi.de\/index.php?rest_route=\/wp\/v2\/users\/1"}],"replies":[{"embeddable":true,"href":"http:\/\/www.bauschild-profi.de\/index.php?rest_route=%2Fwp%2Fv2%2Fcomments&post=177"}],"version-history":[{"count":6,"href":"http:\/\/www.bauschild-profi.de\/index.php?rest_route=\/wp\/v2\/pages\/177\/revisions"}],"predecessor-version":[{"id":438,"href":"http:\/\/www.bauschild-profi.de\/index.php?rest_route=\/wp\/v2\/pages\/177\/revisions\/438"}],"wp:attachment":[{"href":"http:\/\/www.bauschild-profi.de\/index.php?rest_route=%2Fwp%2Fv2%2Fmedia&parent=177"}],"curies":[{"name":"wp","href":"https:\/\/api.w.org\/{rel}","templated":true}]}}