{"id":173,"date":"2016-03-16T16:18:31","date_gmt":"2016-03-16T15:18:31","guid":{"rendered":"http:\/\/www.aufkleber-druck-profi.de\/?page_id=173"},"modified":"2017-09-01T13:53:21","modified_gmt":"2017-09-01T11:53:21","slug":"montage","status":"publish","type":"page","link":"http:\/\/www.bauschild-profi.de\/?page_id=173","title":{"rendered":"Montage"},"content":{"rendered":"<div class=\"page\" title=\"Page 4\">\n<div class=\"layoutArea\">\n<div class=\"column\">\n<p>Gewerkeschilder werden zumeist unterhalb von Bauschildern angebracht und weisen auf die am Bau beteiligten Firmen hin. \u00dcblicherweise werden alle Gewerke in einer einheitlichen Gr\u00f6\u00dfe (z. B. 10 x 100 cm) gefertigt.<br \/>\nAls Material kommem aufgrund der g\u00fcnstigen Preise haupt- s\u00e4chlich PVC-Platten oder Alu-Dibond zum Einsatz.<\/p>\n<p>Die Gewerkeschilder werden in der Regel im unterem Bereich des Bauschildes montiert. Als Montageuntergrund ist das von Ihnen einge- plante Bauschild im unterem Bereich bei der Gestaltung im<br \/>\nHauptschild-Beschriftungsbereich freizuhalten. Oder sie werden oberhalb des Bauschildes montiert.<\/p>\n<\/div>\n<\/div>\n<\/div>\n","protected":false},"excerpt":{"rendered":"<p>Gewerkeschilder werden zumeist unterhalb von Bauschildern angebracht und weisen auf die am Bau beteiligten Firmen hin. \u00dcblicherweise werden alle Gewerke<\/p>\n","protected":false},"author":1,"featured_media":0,"parent":0,"menu_order":0,"comment_status":"closed","ping_status":"closed","template":"","meta":{"footnotes":""},"class_list":["post-173","page","type-page","status-publish","hentry"],"_links":{"self":[{"href":"http:\/\/www.bauschild-profi.de\/index.php?rest_route=\/wp\/v2\/pages\/173","targetHints":{"allow":["GET"]}}],"collection":[{"href":"http:\/\/www.bauschild-profi.de\/index.php?rest_route=\/wp\/v2\/pages"}],"about":[{"href":"http:\/\/www.bauschild-profi.de\/index.php?rest_route=\/wp\/v2\/types\/page"}],"author":[{"embeddable":true,"href":"http:\/\/www.bauschild-profi.de\/index.php?rest_route=\/wp\/v2\/users\/1"}],"replies":[{"embeddable":true,"href":"http:\/\/www.bauschild-profi.de\/index.php?rest_route=%2Fwp%2Fv2%2Fcomments&post=173"}],"version-history":[{"count":7,"href":"http:\/\/www.bauschild-profi.de\/index.php?rest_route=\/wp\/v2\/pages\/173\/revisions"}],"predecessor-version":[{"id":431,"href":"http:\/\/www.bauschild-profi.de\/index.php?rest_route=\/wp\/v2\/pages\/173\/revisions\/431"}],"wp:attachment":[{"href":"http:\/\/www.bauschild-profi.de\/index.php?rest_route=%2Fwp%2Fv2%2Fmedia&parent=173"}],"curies":[{"name":"wp","href":"https:\/\/api.w.org\/{rel}","templated":true}]}}