{"id":171,"date":"2016-03-16T16:18:22","date_gmt":"2016-03-16T15:18:22","guid":{"rendered":"http:\/\/www.aufkleber-druck-profi.de\/?page_id=171"},"modified":"2016-09-05T08:50:29","modified_gmt":"2016-09-05T06:50:29","slug":"folienplott","status":"publish","type":"page","link":"http:\/\/www.bauschild-profi.de\/?page_id=171","title":{"rendered":"Folienplott"},"content":{"rendered":"<div class=\"page\" title=\"Page 2\">\n<div class=\"layoutArea\">\n<div class=\"column\">\n<p>Neben dem digitalen 4-Farbdruck (siehe unten) ist noch immer der Folienplott (auch Folienschneiden genannt) sehr verbreitet. Die Vorteile der Plotts liegen in den geringen Kosten, da die vollfl\u00e4chigen Selbstklebefolien (erh\u00e4ltlich in allen g\u00e4ngigen Farben, Neon-Farben und RAL- Farben) von speziellen Schneideplottern,<br \/>\ngem\u00e4\u00df den gelieferten Digital-Dateien, automatisch ausgeschnitten werden.<\/p>\n<p>Nach dem Schneiden werden die Schriftz\u00fcge seitenverkehrt auf eine Transferfolie geklebt.<br \/>\nBei unterschiedlichen Schriftz\u00fcgen, Logos etc. liegen sp\u00e4ter mehrere Transferfolien vor.<br \/>\nDiese werden am Schluss der Arbeiten auf den zu beklebenden Untergrund (also die Werbefl\u00e4che) feins\u00e4uberlich aufgebracht. So lassen sich die zugeschnittenen Folien auf nahezu alle Tr\u00e4germaterialien aufkleben.<br \/>\nDas k\u00f6nnen Buchstaben, Schriftz\u00fcge, Logos oder beliebige Formen in unterschiedlichen Farben sein.<\/p>\n<p>Auch die Gr\u00f6\u00dfen spielen keine Rolle, denn von klein bis gro\u00df ist alles m\u00f6glich. H\u00e4ufig werden dazu die Schrifth\u00f6hen in Zentimeter sowie die Anzahl der Buchstaben abgefragt. So lassen sich die Herstellungs- und Montage- kosten f\u00fcr den Herstellungsbetrieb zwecks Angebotserstellung ermitteln.<\/p>\n<\/div>\n<\/div>\n<\/div>\n","protected":false},"excerpt":{"rendered":"<p>Neben dem digitalen 4-Farbdruck (siehe unten) ist noch immer der Folienplott (auch Folienschneiden genannt) sehr verbreitet. Die Vorteile der Plotts<\/p>\n","protected":false},"author":1,"featured_media":0,"parent":0,"menu_order":0,"comment_status":"closed","ping_status":"closed","template":"","meta":{"footnotes":""},"class_list":["post-171","page","type-page","status-publish","hentry"],"_links":{"self":[{"href":"http:\/\/www.bauschild-profi.de\/index.php?rest_route=\/wp\/v2\/pages\/171","targetHints":{"allow":["GET"]}}],"collection":[{"href":"http:\/\/www.bauschild-profi.de\/index.php?rest_route=\/wp\/v2\/pages"}],"about":[{"href":"http:\/\/www.bauschild-profi.de\/index.php?rest_route=\/wp\/v2\/types\/page"}],"author":[{"embeddable":true,"href":"http:\/\/www.bauschild-profi.de\/index.php?rest_route=\/wp\/v2\/users\/1"}],"replies":[{"embeddable":true,"href":"http:\/\/www.bauschild-profi.de\/index.php?rest_route=%2Fwp%2Fv2%2Fcomments&post=171"}],"version-history":[{"count":12,"href":"http:\/\/www.bauschild-profi.de\/index.php?rest_route=\/wp\/v2\/pages\/171\/revisions"}],"predecessor-version":[{"id":413,"href":"http:\/\/www.bauschild-profi.de\/index.php?rest_route=\/wp\/v2\/pages\/171\/revisions\/413"}],"wp:attachment":[{"href":"http:\/\/www.bauschild-profi.de\/index.php?rest_route=%2Fwp%2Fv2%2Fmedia&parent=171"}],"curies":[{"name":"wp","href":"https:\/\/api.w.org\/{rel}","templated":true}]}}