{"id":169,"date":"2016-03-16T16:18:11","date_gmt":"2016-03-16T15:18:11","guid":{"rendered":"http:\/\/www.aufkleber-druck-profi.de\/?page_id=169"},"modified":"2016-09-05T08:45:21","modified_gmt":"2016-09-05T06:45:21","slug":"farbdruck","status":"publish","type":"page","link":"http:\/\/www.bauschild-profi.de\/?page_id=169","title":{"rendered":"4-Farbdruck"},"content":{"rendered":"<div class=\"page\" title=\"Page 2\">\n<div class=\"layoutArea\">\n<div class=\"column\">\n<p>Der digitale 4-Farbdruck kommt im Gegensatz zum Folienplott haupts\u00e4chlich dann zur Anwendung, wenn mehr als nur Schriften und Logos dargestellt werden sollen. Moderne Digitaldruckmaschinen drucken fotorealistische Bilder, Abbildungen, Collagen und auch komplette Bau- schilder in einem Druckgang, inklusive Schutzlack.<\/p>\n<p>Mit dem digitalen 4-Farbdruck k\u00f6nnen alle erdenklichen Gr\u00f6\u00dfen umgesetzt werden. \u00c4hnlich wie beim Gro\u00dfformatdruck auf Planen k\u00f6nnen mehrere Farbfolien zu einer gro\u00dfen Werbefl\u00e4che zusammengesetzt werden.<\/p>\n<p>Ein weitere Vorteil ist, dass die bedruckten Folien nur noch blasenfrei aufzukleben sind. Statt mehrerer Folien,<br \/>\nwie beim Folienplott, muss nur eine einzige Folie aufgeklebt werden, da diese im fertigen Endformat geliefert wird.<br \/>\nDas kann bspw. ein Format von 5 x 3 m sein, dass voll- fl\u00e4chig gedruckt wurde.<\/p>\n<\/div>\n<\/div>\n<\/div>\n","protected":false},"excerpt":{"rendered":"<p>Der digitale 4-Farbdruck kommt im Gegensatz zum Folienplott haupts\u00e4chlich dann zur Anwendung, wenn mehr als nur Schriften und Logos dargestellt<\/p>\n","protected":false},"author":1,"featured_media":0,"parent":0,"menu_order":0,"comment_status":"closed","ping_status":"closed","template":"","meta":{"footnotes":""},"class_list":["post-169","page","type-page","status-publish","hentry"],"_links":{"self":[{"href":"http:\/\/www.bauschild-profi.de\/index.php?rest_route=\/wp\/v2\/pages\/169","targetHints":{"allow":["GET"]}}],"collection":[{"href":"http:\/\/www.bauschild-profi.de\/index.php?rest_route=\/wp\/v2\/pages"}],"about":[{"href":"http:\/\/www.bauschild-profi.de\/index.php?rest_route=\/wp\/v2\/types\/page"}],"author":[{"embeddable":true,"href":"http:\/\/www.bauschild-profi.de\/index.php?rest_route=\/wp\/v2\/users\/1"}],"replies":[{"embeddable":true,"href":"http:\/\/www.bauschild-profi.de\/index.php?rest_route=%2Fwp%2Fv2%2Fcomments&post=169"}],"version-history":[{"count":7,"href":"http:\/\/www.bauschild-profi.de\/index.php?rest_route=\/wp\/v2\/pages\/169\/revisions"}],"predecessor-version":[{"id":348,"href":"http:\/\/www.bauschild-profi.de\/index.php?rest_route=\/wp\/v2\/pages\/169\/revisions\/348"}],"wp:attachment":[{"href":"http:\/\/www.bauschild-profi.de\/index.php?rest_route=%2Fwp%2Fv2%2Fmedia&parent=169"}],"curies":[{"name":"wp","href":"https:\/\/api.w.org\/{rel}","templated":true}]}}